{"id":6,"date":"2021-09-28T17:30:42","date_gmt":"2021-09-28T17:30:42","guid":{"rendered":"https:\/\/rehautomation.com\/?page_id=6"},"modified":"2021-10-01T05:57:21","modified_gmt":"2021-10-01T05:57:21","slug":"nosotros","status":"publish","type":"page","link":"https:\/\/rehautomation.com\/index.php\/nosotros\/","title":{"rendered":"Nosotros"},"content":{"rendered":"\n<p>Somos una empresa joven dedicada al trabajo en el ramo industrial. Una suma de esfuerzos cuyo objetivo es  brindar a nuestros clientes las clave para alcanzar el \u00e9xito, por medio de soluciones de automatizaci\u00f3n, control, instalaciones el\u00e9ctrica y proyectos llave en mano, desarrollado con profesionalismo de talla mundial, dirigidas a una amplia gama de industrias.<\/p>\n\n\n\n<figure class=\"wp-block-image size-full is-resized\"><img loading=\"lazy\" decoding=\"async\" src=\"https:\/\/rehautomation.com\/wp-content\/uploads\/2021\/10\/image01.png\" alt=\"\" class=\"wp-image-74\" width=\"391\" height=\"392\" srcset=\"https:\/\/rehautomation.com\/wp-content\/uploads\/2021\/10\/image01.png 531w, https:\/\/rehautomation.com\/wp-content\/uploads\/2021\/10\/image01-300x300.png 300w, https:\/\/rehautomation.com\/wp-content\/uploads\/2021\/10\/image01-150x150.png 150w\" sizes=\"auto, (max-width: 391px) 100vw, 391px\" \/><\/figure>\n\n\n\n<div style=\"height:100px\" aria-hidden=\"true\" class=\"wp-block-spacer\"><\/div>\n\n\n\n<h1 class=\"has-text-align-center wp-block-heading\">Nuestros valores<\/h1>\n\n\n\n<figure class=\"wp-block-pullquote\"><blockquote><p>Innovaci\u00f3n<\/p><p>Respeto<\/p><p>Compromiso<\/p><p>Servicio<\/p><p>Comunicaci\u00f3n<\/p><p>Lealtad<\/p><p>Trabajo en equipo<\/p><\/blockquote><\/figure>\n\n\n\n<figure class=\"wp-block-image size-full\"><img loading=\"lazy\" decoding=\"async\" width=\"638\" height=\"392\" src=\"https:\/\/rehautomation.com\/wp-content\/uploads\/2021\/10\/image02.png\" alt=\"\" class=\"wp-image-75\" srcset=\"https:\/\/rehautomation.com\/wp-content\/uploads\/2021\/10\/image02.png 638w, https:\/\/rehautomation.com\/wp-content\/uploads\/2021\/10\/image02-300x184.png 300w\" sizes=\"auto, (max-width: 638px) 100vw, 638px\" \/><\/figure>\n\n\n\n<div style=\"height:100px\" aria-hidden=\"true\" class=\"wp-block-spacer\"><\/div>\n\n\n\n<div class=\"wp-block-columns is-layout-flex wp-container-core-columns-is-layout-9d6595d7 wp-block-columns-is-layout-flex\">\n<div class=\"wp-block-column is-layout-flow wp-block-column-is-layout-flow\">\n<h2 class=\"has-text-align-center wp-block-heading\">Visi\u00f3n<\/h2>\n<\/div>\n\n\n\n<div class=\"wp-block-column is-layout-flow wp-block-column-is-layout-flow\">\n<h2 class=\"has-text-align-center wp-block-heading\">Misi\u00f3n<\/h2>\n<\/div>\n<\/div>\n\n\n\n<div class=\"wp-block-columns is-layout-flex wp-container-core-columns-is-layout-9d6595d7 wp-block-columns-is-layout-flex\">\n<div class=\"wp-block-column is-layout-flow wp-block-column-is-layout-flow\">\n<p>Ser una empresa l\u00edder nacional en los servicios de automatizaci\u00f3n y control en las distintas ramas de la industria, destac\u00e1ndonos por nuestros servicios, confiablidad y efectividad.<\/p>\n<\/div>\n\n\n\n<div class=\"wp-block-column is-layout-flow wp-block-column-is-layout-flow\">\n<p>Satisfacer las necesidades y expectativas de  nuestros clientes aportando a la industria servicios de soluci\u00f3n y automatizaci\u00f3n en procesos dedicados a la mejora continua, cumpliendo con tiempos de entrega y calidad, haciendo los procesos de nuestros clientes m\u00e1s productivos, logrando aportar un mundo m\u00e1s sustentable para la sociedad. <\/p>\n<\/div>\n<\/div>\n\n\n\n<figure class=\"wp-block-image size-large\"><img loading=\"lazy\" decoding=\"async\" width=\"1024\" height=\"683\" src=\"https:\/\/rehautomation.com\/wp-content\/uploads\/2021\/10\/image03-1024x683.jpg\" alt=\"\" class=\"wp-image-78\" srcset=\"https:\/\/rehautomation.com\/wp-content\/uploads\/2021\/10\/image03-1024x683.jpg 1024w, https:\/\/rehautomation.com\/wp-content\/uploads\/2021\/10\/image03-300x200.jpg 300w, https:\/\/rehautomation.com\/wp-content\/uploads\/2021\/10\/image03-768x512.jpg 768w, https:\/\/rehautomation.com\/wp-content\/uploads\/2021\/10\/image03-1536x1024.jpg 1536w, https:\/\/rehautomation.com\/wp-content\/uploads\/2021\/10\/image03-1200x800.jpg 1200w, https:\/\/rehautomation.com\/wp-content\/uploads\/2021\/10\/image03.jpg 1920w\" sizes=\"auto, (max-width: 1024px) 100vw, 1024px\" \/><\/figure>\n","protected":false},"excerpt":{"rendered":"<p>Somos una empresa joven dedicada al trabajo en el ramo industrial. Una suma de esfuerzos cuyo objetivo es brindar a nuestros clientes las clave para alcanzar el \u00e9xito, por medio de soluciones de automatizaci\u00f3n, control, instalaciones el\u00e9ctrica y proyectos llave en mano, desarrollado con profesionalismo de talla mundial, dirigidas a una amplia gama de industrias. [&hellip;]<\/p>\n","protected":false},"author":1,"featured_media":0,"parent":0,"menu_order":0,"comment_status":"closed","ping_status":"closed","template":"","meta":{"footnotes":""},"class_list":["post-6","page","type-page","status-publish","hentry"],"_links":{"self":[{"href":"https:\/\/rehautomation.com\/index.php\/wp-json\/wp\/v2\/pages\/6","targetHints":{"allow":["GET"]}}],"collection":[{"href":"https:\/\/rehautomation.com\/index.php\/wp-json\/wp\/v2\/pages"}],"about":[{"href":"https:\/\/rehautomation.com\/index.php\/wp-json\/wp\/v2\/types\/page"}],"author":[{"embeddable":true,"href":"https:\/\/rehautomation.com\/index.php\/wp-json\/wp\/v2\/users\/1"}],"replies":[{"embeddable":true,"href":"https:\/\/rehautomation.com\/index.php\/wp-json\/wp\/v2\/comments?post=6"}],"version-history":[{"count":5,"href":"https:\/\/rehautomation.com\/index.php\/wp-json\/wp\/v2\/pages\/6\/revisions"}],"predecessor-version":[{"id":79,"href":"https:\/\/rehautomation.com\/index.php\/wp-json\/wp\/v2\/pages\/6\/revisions\/79"}],"wp:attachment":[{"href":"https:\/\/rehautomation.com\/index.php\/wp-json\/wp\/v2\/media?parent=6"}],"curies":[{"name":"wp","href":"https:\/\/api.w.org\/{rel}","templated":true}]}}