{"id":11,"date":"2021-09-28T17:30:42","date_gmt":"2021-09-28T17:30:42","guid":{"rendered":"https:\/\/rehautomation.com\/?page_id=11"},"modified":"2021-10-06T22:27:39","modified_gmt":"2021-10-06T22:27:39","slug":"reh-automation","status":"publish","type":"page","link":"https:\/\/rehautomation.com\/","title":{"rendered":"REH Automation and Control"},"content":{"rendered":"\n<div class=\"wp-block-group alignwide\"><div class=\"wp-block-group__inner-container is-layout-flow wp-block-group-is-layout-flow\">\n<h2 class=\"has-text-align-center wp-block-heading\">\u00a1Servicio y productividad para la industria!<\/h2>\n\n\n\n<h2 class=\"has-text-align-center has-text-color wp-block-heading\" style=\"color:#1c76a4\">\u201cLa evoluci\u00f3n de la industria necesita el apoyo de contratistas para ejercer trabajos profesionales con experiencia y nosotros REH Automation and Control somos la opci\u00f3n rentable.\u201d<\/h2>\n<\/div><\/div>\n\n\n\n<div class=\"wp-block-group alignwide\"><div class=\"wp-block-group__inner-container is-layout-flow wp-block-group-is-layout-flow\"><\/div><\/div>\n\n\n\n<div class=\"wp-block-columns alignwide is-layout-flex wp-container-core-columns-is-layout-9d6595d7 wp-block-columns-is-layout-flex\">\n<div class=\"wp-block-column is-layout-flow wp-block-column-is-layout-flow\">\n<div class=\"wp-block-group\"><div class=\"wp-block-group__inner-container is-layout-flow wp-block-group-is-layout-flow\">\n<figure class=\"wp-block-image alignfull size-full\"><img loading=\"lazy\" decoding=\"async\" width=\"657\" height=\"577\" src=\"https:\/\/rehautomation.com\/wp-content\/uploads\/2021\/10\/image04.png\" alt=\"\" class=\"wp-image-96\" srcset=\"https:\/\/rehautomation.com\/wp-content\/uploads\/2021\/10\/image04.png 657w, https:\/\/rehautomation.com\/wp-content\/uploads\/2021\/10\/image04-300x263.png 300w\" sizes=\"auto, (max-width: 657px) 100vw, 657px\" \/><\/figure>\n\n\n\n<h3 class=\"wp-block-heading\">Tecnolog\u00edas de la Informaci\u00f3n<\/h3>\n\n\n\n<p>Con nuestra \u00e1rea de tecnolog\u00edas de informaci\u00f3n aplicadas a la manufactura, ofrecemos agregar inteligencia electr\u00f3nica a los procesos y productos de la industria.<\/p>\n\n\n\n<div class=\"wp-block-button is-style-outline is-style-outline--1\"><a class=\"wp-block-button__link has-text-color\" href=\"https:\/\/rehautomation.com\/index.php\/servicios\/\" style=\"color:#0071a1\">Ver m\u00e1s<\/a><\/div>\n<\/div><\/div>\n<\/div>\n\n\n\n<div class=\"wp-block-column is-layout-flow wp-block-column-is-layout-flow\">\n<div class=\"wp-block-group\"><div class=\"wp-block-group__inner-container is-layout-flow wp-block-group-is-layout-flow\">\n<figure class=\"wp-block-image alignfull size-full\"><img loading=\"lazy\" decoding=\"async\" width=\"657\" height=\"577\" src=\"https:\/\/rehautomation.com\/wp-content\/uploads\/2021\/10\/image05.png\" alt=\"\" class=\"wp-image-97\" srcset=\"https:\/\/rehautomation.com\/wp-content\/uploads\/2021\/10\/image05.png 657w, https:\/\/rehautomation.com\/wp-content\/uploads\/2021\/10\/image05-300x263.png 300w\" sizes=\"auto, (max-width: 657px) 100vw, 657px\" \/><\/figure>\n\n\n\n<h3 class=\"wp-block-heading\">Ensambles de gabinetes <\/h3>\n\n\n\n<p>Servicio que contribuye al buen funcionamiento y mantenimiento de los equipos y sistemas el\u00e9ctricos y que aseguran un gran desempe\u00f1o, cumpliendo con las normas internacionales que garantizan la seguridad de las personas e instalaciones.<\/p>\n\n\n\n<div class=\"wp-block-button is-style-outline is-style-outline--2\"><a class=\"wp-block-button__link has-text-color\" href=\"https:\/\/rehautomation.com\/index.php\/servicios\/\" style=\"color:#0071a1\">Ver m\u00e1s<\/a><\/div>\n\n\n\n<p><\/p>\n<\/div><\/div>\n<\/div>\n<\/div>\n\n\n\n<div class=\"wp-block-group alignwide has-background\" style=\"background-color:#ffffff\"><div class=\"wp-block-group__inner-container is-layout-flow wp-block-group-is-layout-flow\">\n<div class=\"wp-block-group\"><div class=\"wp-block-group__inner-container is-layout-flow wp-block-group-is-layout-flow\">\n<h2 class=\"has-text-align-center wp-block-heading\">Tenemos el servicio especial que buscas !<\/h2>\n\n\n\n<p class=\"has-text-align-center\">Contamos con la experiencia que nos permite brindar una serie de servicios que se ajustan a los requerimientos actuales, desempe\u00f1ado con gran profesionalismo.<\/p>\n\n\n\n<div class=\"wp-block-button aligncenter\"><a class=\"wp-block-button__link has-background\" href=\"https:\/\/rehautomation.com\/index.php\/servicios\/\" style=\"background-color:#0071a1\">servicios<\/a><\/div>\n<\/div><\/div>\n<\/div><\/div>\n\n\n\n<p><\/p>\n","protected":false},"excerpt":{"rendered":"<p>\u00a1Servicio y productividad para la industria! \u201cLa evoluci\u00f3n de la industria necesita el apoyo de contratistas para ejercer trabajos profesionales con experiencia y nosotros REH Automation and Control somos la opci\u00f3n rentable.\u201d Tecnolog\u00edas de la Informaci\u00f3n Con nuestra \u00e1rea de tecnolog\u00edas de informaci\u00f3n aplicadas a la manufactura, ofrecemos agregar inteligencia electr\u00f3nica a los procesos y [&hellip;]<\/p>\n","protected":false},"author":1,"featured_media":59,"parent":0,"menu_order":0,"comment_status":"closed","ping_status":"closed","template":"templates\/template-cover.php","meta":{"footnotes":""},"class_list":["post-11","page","type-page","status-publish","has-post-thumbnail","hentry"],"_links":{"self":[{"href":"https:\/\/rehautomation.com\/index.php\/wp-json\/wp\/v2\/pages\/11","targetHints":{"allow":["GET"]}}],"collection":[{"href":"https:\/\/rehautomation.com\/index.php\/wp-json\/wp\/v2\/pages"}],"about":[{"href":"https:\/\/rehautomation.com\/index.php\/wp-json\/wp\/v2\/types\/page"}],"author":[{"embeddable":true,"href":"https:\/\/rehautomation.com\/index.php\/wp-json\/wp\/v2\/users\/1"}],"replies":[{"embeddable":true,"href":"https:\/\/rehautomation.com\/index.php\/wp-json\/wp\/v2\/comments?post=11"}],"version-history":[{"count":8,"href":"https:\/\/rehautomation.com\/index.php\/wp-json\/wp\/v2\/pages\/11\/revisions"}],"predecessor-version":[{"id":141,"href":"https:\/\/rehautomation.com\/index.php\/wp-json\/wp\/v2\/pages\/11\/revisions\/141"}],"wp:featuredmedia":[{"embeddable":true,"href":"https:\/\/rehautomation.com\/index.php\/wp-json\/wp\/v2\/media\/59"}],"wp:attachment":[{"href":"https:\/\/rehautomation.com\/index.php\/wp-json\/wp\/v2\/media?parent=11"}],"curies":[{"name":"wp","href":"https:\/\/api.w.org\/{rel}","templated":true}]}}